{"id":104,"date":"2023-09-10T18:52:52","date_gmt":"2023-09-10T18:52:52","guid":{"rendered":"https:\/\/thofstad.se\/?page_id=104"},"modified":"2023-09-11T22:53:24","modified_gmt":"2023-09-11T22:53:24","slug":"boka-stadning","status":"publish","type":"page","link":"https:\/\/thofstad.se\/en\/boka-stadning\/","title":{"rendered":"Boka st\u00e4dning"},"content":{"rendered":"<h2><strong>Innan du best\u00e4ller en st\u00e4dning:<\/strong><\/h2>\n<p>Bokningen \u00e4r <strong>ej<\/strong> bindande, det g\u00e5r att \u00e4ndra sin bokning, anv\u00e4nd n\u00e5gra av de kontaktuppgifter som finns!<\/p>\n<p>Vill du inte \u00e4ndra n\u00e5got i din bokning? Jag h\u00f6r av mig s\u00e5 snart jag kan efter att du skickat in din bokning!<\/p>\n<style id=\"wpforms-css-vars-111\">\n\t\t\t\t#wpforms-111 {\n\t\t\t\t\n\t\t\t}\n\t\t\t<\/style><div class=\"wpforms-container wpforms-container-full wpforms-render-modern\" id=\"wpforms-111\"><form id=\"wpforms-form-111\" class=\"wpforms-validate wpforms-form wpforms-ajax-form\" data-formid=\"111\" method=\"post\" enctype=\"multipart\/form-data\" action=\"\/en\/wp-json\/wp\/v2\/pages\/104\" data-token=\"d92b9411f41895c13f777a12b9c7a8b1\" data-token-time=\"1778076042\"><noscript class=\"wpforms-error-noscript\">Please enable JavaScript in your browser to complete this form.<\/noscript><div id=\"wpforms-error-noscript\" style=\"display: none;\">Please enable JavaScript in your browser to complete this form.<\/div><div class=\"wpforms-field-container\"><div id=\"wpforms-111-field_0-container\" class=\"wpforms-field wpforms-field-name\" data-field-id=\"0\"><fieldset><legend class=\"wpforms-field-label\">Ditt namn <span class=\"wpforms-required-label\" aria-hidden=\"true\">*<\/span><\/legend><div class=\"wpforms-field-row wpforms-field-large\"><div class=\"wpforms-field-row-block wpforms-first wpforms-one-half\"><input type=\"text\" id=\"wpforms-111-field_0\" class=\"wpforms-field-name-first wpforms-field-required\" name=\"wpforms[fields][0][first]\" aria-errormessage=\"wpforms-111-field_0-error\" required><label for=\"wpforms-111-field_0\" class=\"wpforms-field-sublabel after\">First<\/label><\/div><div class=\"wpforms-field-row-block wpforms-one-half\"><input type=\"text\" id=\"wpforms-111-field_0-last\" class=\"wpforms-field-name-last wpforms-field-required\" name=\"wpforms[fields][0][last]\" aria-errormessage=\"wpforms-111-field_0-last-error\" required><label for=\"wpforms-111-field_0-last\" class=\"wpforms-field-sublabel after\">Last<\/label><\/div><\/div><\/fieldset><\/div><div id=\"wpforms-111-field_23-container\" class=\"wpforms-field wpforms-field-text\" data-field-id=\"23\"><label class=\"wpforms-field-label\" for=\"wpforms-111-field_23\">Telefonnummer <span class=\"wpforms-required-label\" aria-hidden=\"true\">*<\/span><\/label><input type=\"text\" id=\"wpforms-111-field_23\" class=\"wpforms-field-small wpforms-field-required\" name=\"wpforms[fields][23]\" aria-errormessage=\"wpforms-111-field_23-error\" required><\/div><div id=\"wpforms-111-field_30-container\" class=\"wpforms-field wpforms-field-text\" data-field-id=\"30\"><label class=\"wpforms-field-label\" for=\"wpforms-111-field_30\">Personnummer <span class=\"wpforms-required-label\" aria-hidden=\"true\">*<\/span><\/label><input type=\"text\" id=\"wpforms-111-field_30\" class=\"wpforms-field-small wpforms-field-required\" name=\"wpforms[fields][30]\" aria-errormessage=\"wpforms-111-field_30-error\" required><\/div><div id=\"wpforms-111-field_17-container\" class=\"wpforms-field wpforms-field-text\" data-field-id=\"17\"><label class=\"wpforms-field-label\" for=\"wpforms-111-field_17\">Din Epost-adress <span class=\"wpforms-required-label\" aria-hidden=\"true\">*<\/span><\/label><input type=\"text\" id=\"wpforms-111-field_17\" class=\"wpforms-field-small wpforms-field-required\" name=\"wpforms[fields][17]\" aria-errormessage=\"wpforms-111-field_17-error\" required><\/div><div id=\"wpforms-111-field_4-container\" class=\"wpforms-field wpforms-field-text\" data-field-id=\"4\"><label class=\"wpforms-field-label\" for=\"wpforms-111-field_4\">Vart vill du att jag ska komma och st\u00e4da? <span class=\"wpforms-required-label\" aria-hidden=\"true\">*<\/span><\/label><input type=\"text\" id=\"wpforms-111-field_4\" class=\"wpforms-field-medium wpforms-field-required\" name=\"wpforms[fields][4]\" aria-errormessage=\"wpforms-111-field_4-error\" aria-describedby=\"wpforms-111-field_4-description\" required><div id=\"wpforms-111-field_4-description\" class=\"wpforms-field-description\">Skriv den adress du vill best\u00e4lla st\u00e4dningen till.<\/div><\/div><div id=\"wpforms-111-field_7-container\" class=\"wpforms-field wpforms-field-checkbox wpforms-list-inline\" data-field-id=\"7\"><fieldset><legend class=\"wpforms-field-label\">Vad f\u00f6r typ av st\u00e4dning vill du best\u00e4lla?<\/legend><ul id=\"wpforms-111-field_7\"><li class=\"choice-1 depth-1\"><input type=\"checkbox\" id=\"wpforms-111-field_7_1\" name=\"wpforms[fields][7][]\" value=\"Veckost\u00e4d - Varje vecka\" aria-errormessage=\"wpforms-111-field_7_1-error\"  ><label class=\"wpforms-field-label-inline\" for=\"wpforms-111-field_7_1\">Veckost\u00e4d - Varje vecka<\/label><\/li><li class=\"choice-2 depth-1\"><input type=\"checkbox\" id=\"wpforms-111-field_7_2\" name=\"wpforms[fields][7][]\" value=\"Veckost\u00e4d - Varannan vecka\" aria-errormessage=\"wpforms-111-field_7_2-error\"  ><label class=\"wpforms-field-label-inline\" for=\"wpforms-111-field_7_2\">Veckost\u00e4d - Varannan vecka<\/label><\/li><li class=\"choice-3 depth-1\"><input type=\"checkbox\" id=\"wpforms-111-field_7_3\" name=\"wpforms[fields][7][]\" value=\"M\u00e5nadsst\u00e4d - Varje m\u00e5nad\" aria-errormessage=\"wpforms-111-field_7_3-error\"  ><label class=\"wpforms-field-label-inline\" for=\"wpforms-111-field_7_3\">M\u00e5nadsst\u00e4d - Varje m\u00e5nad<\/label><\/li><li class=\"choice-12 depth-1\"><input type=\"checkbox\" id=\"wpforms-111-field_7_12\" name=\"wpforms[fields][7][]\" value=\"Flyttst\u00e4d\" aria-errormessage=\"wpforms-111-field_7_12-error\"  ><label class=\"wpforms-field-label-inline\" for=\"wpforms-111-field_7_12\">Flyttst\u00e4d<\/label><\/li><li class=\"choice-13 depth-1\"><input type=\"checkbox\" id=\"wpforms-111-field_7_13\" name=\"wpforms[fields][7][]\" value=\"Annat - Skriv i rutan\" aria-errormessage=\"wpforms-111-field_7_13-error\"  ><label class=\"wpforms-field-label-inline\" for=\"wpforms-111-field_7_13\">Annat - Skriv i rutan<\/label><\/li><\/ul><\/fieldset><\/div><div id=\"wpforms-111-field_21-container\" class=\"wpforms-field wpforms-field-textarea\" data-field-id=\"21\"><label class=\"wpforms-field-label\" for=\"wpforms-111-field_21\">Om du valde &quot;annat&quot; skriv vad du f\u00f6redrar h\u00e4r!<\/label><textarea id=\"wpforms-111-field_21\" class=\"wpforms-field-small\" name=\"wpforms[fields][21]\" aria-errormessage=\"wpforms-111-field_21-error\" ><\/textarea><\/div><div id=\"wpforms-111-field_25-container\" class=\"wpforms-field wpforms-field-textarea\" data-field-id=\"25\"><label class=\"wpforms-field-label\" for=\"wpforms-111-field_25\">\u00c4r det n\u00e5got annat du vill till\u00e4gga? Skriv det nedan.<\/label><textarea id=\"wpforms-111-field_25\" class=\"wpforms-field-medium\" name=\"wpforms[fields][25]\" aria-errormessage=\"wpforms-111-field_25-error\" ><\/textarea><\/div><\/div><!-- .wpforms-field-container --><div class=\"wpforms-submit-container\" ><input type=\"hidden\" name=\"wpforms[id]\" value=\"111\"><input type=\"hidden\" name=\"page_title\" value=\"\"><input type=\"hidden\" name=\"page_url\" value=\"https:\/\/thofstad.se\/en\/wp-json\/wp\/v2\/pages\/104\"><input type=\"hidden\" name=\"url_referer\" value=\"\"><button type=\"submit\" name=\"wpforms[submit]\" id=\"wpforms-submit-111\" class=\"wpforms-submit\" data-alt-text=\"Skickar...\" data-submit-text=\"Skicka in\" aria-live=\"assertive\" value=\"wpforms-submit\">Skicka in<\/button><img src=\"https:\/\/thofstad.se\/wp-content\/plugins\/wpforms-lite\/assets\/images\/submit-spin.svg\" class=\"wpforms-submit-spinner\" style=\"display: none;\" width=\"26\" height=\"26\" alt=\"Loading\"><\/div><\/form><\/div>  <!-- .wpforms-container -->\n","protected":false},"excerpt":{"rendered":"<p>Innan du best\u00e4ller en st\u00e4dning: Bokningen \u00e4r ej bindande, det g\u00e5r att \u00e4ndra sin bokning, anv\u00e4nd n\u00e5gra av de kontaktuppgifter som finns! Vill du inte \u00e4ndra n\u00e5got i din bokning? Jag h\u00f6r av mig s\u00e5 snart jag kan efter att du skickat in din bokning!<\/p>","protected":false},"author":1,"featured_media":0,"parent":0,"menu_order":0,"comment_status":"closed","ping_status":"closed","template":"template-full-width.php","meta":{"footnotes":""},"jetpack_sharing_enabled":true,"_links":{"self":[{"href":"https:\/\/thofstad.se\/en\/wp-json\/wp\/v2\/pages\/104"}],"collection":[{"href":"https:\/\/thofstad.se\/en\/wp-json\/wp\/v2\/pages"}],"about":[{"href":"https:\/\/thofstad.se\/en\/wp-json\/wp\/v2\/types\/page"}],"author":[{"embeddable":true,"href":"https:\/\/thofstad.se\/en\/wp-json\/wp\/v2\/users\/1"}],"replies":[{"embeddable":true,"href":"https:\/\/thofstad.se\/en\/wp-json\/wp\/v2\/comments?post=104"}],"version-history":[{"count":8,"href":"https:\/\/thofstad.se\/en\/wp-json\/wp\/v2\/pages\/104\/revisions"}],"predecessor-version":[{"id":144,"href":"https:\/\/thofstad.se\/en\/wp-json\/wp\/v2\/pages\/104\/revisions\/144"}],"wp:attachment":[{"href":"https:\/\/thofstad.se\/en\/wp-json\/wp\/v2\/media?parent=104"}],"curies":[{"name":"wp","href":"https:\/\/api.w.org\/{rel}","templated":true}]}}