{"id":126,"date":"2023-09-11T22:14:49","date_gmt":"2023-09-11T22:14:49","guid":{"rendered":"https:\/\/thofstad.se\/?page_id=126"},"modified":"2023-09-22T19:46:42","modified_gmt":"2023-09-22T19:46:42","slug":"priser","status":"publish","type":"page","link":"https:\/\/thofstad.se\/en\/priser\/","title":{"rendered":"Priser"},"content":{"rendered":"<h4>Observera att priserna \u00e4r efter rut-avdrag exklusive moms (<a href=\"https:\/\/thofstad.se\/en\/stadning\/\" target=\"_blank\" rel=\"noopener\"><strong>mer om rut-avdrag h\u00e4r<\/strong><\/a>)<\/h4>\n<p><img decoding=\"async\" loading=\"lazy\" class=\"alignnone size-full wp-image-250\" src=\"https:\/\/thofstad.se\/wp-content\/uploads\/2023\/09\/priser-8.png\" alt=\"\" width=\"1440\" height=\"1905\" srcset=\"https:\/\/thofstad.se\/wp-content\/uploads\/2023\/09\/priser-8.png 1440w, https:\/\/thofstad.se\/wp-content\/uploads\/2023\/09\/priser-8-227x300.png 227w, https:\/\/thofstad.se\/wp-content\/uploads\/2023\/09\/priser-8-774x1024.png 774w, https:\/\/thofstad.se\/wp-content\/uploads\/2023\/09\/priser-8-768x1016.png 768w, https:\/\/thofstad.se\/wp-content\/uploads\/2023\/09\/priser-8-1161x1536.png 1161w, https:\/\/thofstad.se\/wp-content\/uploads\/2023\/09\/priser-8-9x12.png 9w\" sizes=\"(max-width: 1440px) 100vw, 1440px\" \/><\/p>\n<h4>Boka g\u00e4rna in ett m\u00f6te p\u00e5 f\u00f6retaget d\u00e4r vi gemensamt kommer fram till st\u00e4d uppl\u00e4gget.<br \/>\nD\u00e5 g\u00f6r jag en uppskattning om hur m\u00e5nga timmar det kan ta.<\/h4>\n<h2 style=\"text-align: center;\"><strong>Best\u00e4ll din offert <a href=\"https:\/\/thofstad.se\/en\/boka-stadning\/\" target=\"_blank\" rel=\"noopener\">H\u00c4R!<\/a><\/strong><\/h2>","protected":false},"excerpt":{"rendered":"<p>Observera att priserna \u00e4r efter rut-avdrag exklusive moms (mer om rut-avdrag h\u00e4r) Boka g\u00e4rna in ett m\u00f6te p\u00e5 f\u00f6retaget d\u00e4r vi gemensamt kommer fram till st\u00e4d uppl\u00e4gget. D\u00e5 g\u00f6r jag en uppskattning om hur m\u00e5nga timmar det kan ta. Best\u00e4ll din offert H\u00c4R!<\/p>","protected":false},"author":1,"featured_media":0,"parent":0,"menu_order":0,"comment_status":"closed","ping_status":"closed","template":"template-full-width.php","meta":{"footnotes":""},"jetpack_sharing_enabled":true,"_links":{"self":[{"href":"https:\/\/thofstad.se\/en\/wp-json\/wp\/v2\/pages\/126"}],"collection":[{"href":"https:\/\/thofstad.se\/en\/wp-json\/wp\/v2\/pages"}],"about":[{"href":"https:\/\/thofstad.se\/en\/wp-json\/wp\/v2\/types\/page"}],"author":[{"embeddable":true,"href":"https:\/\/thofstad.se\/en\/wp-json\/wp\/v2\/users\/1"}],"replies":[{"embeddable":true,"href":"https:\/\/thofstad.se\/en\/wp-json\/wp\/v2\/comments?post=126"}],"version-history":[{"count":30,"href":"https:\/\/thofstad.se\/en\/wp-json\/wp\/v2\/pages\/126\/revisions"}],"predecessor-version":[{"id":251,"href":"https:\/\/thofstad.se\/en\/wp-json\/wp\/v2\/pages\/126\/revisions\/251"}],"wp:attachment":[{"href":"https:\/\/thofstad.se\/en\/wp-json\/wp\/v2\/media?parent=126"}],"curies":[{"name":"wp","href":"https:\/\/api.w.org\/{rel}","templated":true}]}}