{"id":25,"date":"2023-09-10T12:46:16","date_gmt":"2023-09-10T12:46:16","guid":{"rendered":"http:\/\/thofstad.se\/?page_id=25"},"modified":"2023-09-17T21:14:11","modified_gmt":"2023-09-17T21:14:11","slug":"thofstad","status":"publish","type":"page","link":"https:\/\/thofstad.se\/en\/","title":{"rendered":"Thofs &#8211; Tarjas Hem och F\u00f6retags St\u00e4d"},"content":{"rendered":"<p><img decoding=\"async\" loading=\"lazy\" class=\"wp-image-242 alignleft\" src=\"https:\/\/thofstad.se\/wp-content\/uploads\/2023\/09\/THOFS-2dddddd.gif\" alt=\"\" width=\"369\" height=\"369\" \/><img decoding=\"async\" loading=\"lazy\" class=\"wp-image-239 alignright\" src=\"https:\/\/thofstad.se\/wp-content\/uploads\/2023\/09\/tarja-om-mig-test-1.png\" alt=\"\" width=\"369\" height=\"369\" srcset=\"https:\/\/thofstad.se\/wp-content\/uploads\/2023\/09\/tarja-om-mig-test-1.png 500w, https:\/\/thofstad.se\/wp-content\/uploads\/2023\/09\/tarja-om-mig-test-1-300x300.png 300w, https:\/\/thofstad.se\/wp-content\/uploads\/2023\/09\/tarja-om-mig-test-1-150x150.png 150w, https:\/\/thofstad.se\/wp-content\/uploads\/2023\/09\/tarja-om-mig-test-1-12x12.png 12w\" sizes=\"(max-width: 369px) 100vw, 369px\" \/><\/p>\r\n<p style=\"text-align: left;\">V\u00e4lkomna till min enkla lilla st\u00e4dfirma!<br \/>Tarjas Hem och F\u00f6retags St\u00e4d \u00e4r en enskild firma som ska bedriva service med inriktning hush\u00e5llsn\u00e4ra tj\u00e4nster inom Hemst\u00e4dning, Flyttst\u00e4dning och F\u00f6retagsst\u00e4d.<br \/>\u00c4r bosatt i Holmsunds sk\u00e4rg\u00e5rd.<br \/>Efter att ha genomg\u00e5tt utbildning genom SRY inom Hemst\u00e4d och Lokalv\u00e5rd samt mer \u00e4n 20 \u00e5rs erfarenhet inom st\u00e4dbranschen best\u00e4mde jag mig f\u00f6r att uppfylla mina dr\u00f6mmar och starta ett eget st\u00e4df\u00f6retag. Str\u00e4var efter 100% n\u00f6jda kunder, l\u00e4mnar ingenting \u00e5t slumpen med mottot ingenting \u00e4r om\u00f6jligt.<br \/>Vore det inte sk\u00f6nt att slippa st\u00e4da ibland?<br \/>I s\u00e5 fall hoppas jag att just du \u00e4r intresserad av st\u00e4d fr\u00e5n mig.<br \/>Kika g\u00e4rna in h\u00e4r p\u00e5 hemsidan och se vad jag har att erbjuda under de andra flikarna p\u00e5 sidan.\u00a0<\/p>","protected":false},"excerpt":{"rendered":"<p>V\u00e4lkomna till min enkla lilla st\u00e4dfirma!Tarjas Hem och F\u00f6retags St\u00e4d \u00e4r en enskild firma som ska bedriva service med inriktning hush\u00e5llsn\u00e4ra tj\u00e4nster inom Hemst\u00e4dning, Flyttst\u00e4dning och F\u00f6retagsst\u00e4d.\u00c4r bosatt i Holmsunds sk\u00e4rg\u00e5rd.Efter att ha genomg\u00e5tt utbildning genom SRY inom Hemst\u00e4d och Lokalv\u00e5rd samt mer \u00e4n 20 \u00e5rs erfarenhet inom st\u00e4dbranschen best\u00e4mde jag mig f\u00f6r att uppfylla [&hellip;]<\/p>\n","protected":false},"author":1,"featured_media":0,"parent":0,"menu_order":0,"comment_status":"closed","ping_status":"closed","template":"template-full-width.php","meta":{"footnotes":""},"jetpack_sharing_enabled":true,"_links":{"self":[{"href":"https:\/\/thofstad.se\/en\/wp-json\/wp\/v2\/pages\/25"}],"collection":[{"href":"https:\/\/thofstad.se\/en\/wp-json\/wp\/v2\/pages"}],"about":[{"href":"https:\/\/thofstad.se\/en\/wp-json\/wp\/v2\/types\/page"}],"author":[{"embeddable":true,"href":"https:\/\/thofstad.se\/en\/wp-json\/wp\/v2\/users\/1"}],"replies":[{"embeddable":true,"href":"https:\/\/thofstad.se\/en\/wp-json\/wp\/v2\/comments?post=25"}],"version-history":[{"count":34,"href":"https:\/\/thofstad.se\/en\/wp-json\/wp\/v2\/pages\/25\/revisions"}],"predecessor-version":[{"id":249,"href":"https:\/\/thofstad.se\/en\/wp-json\/wp\/v2\/pages\/25\/revisions\/249"}],"wp:attachment":[{"href":"https:\/\/thofstad.se\/en\/wp-json\/wp\/v2\/media?parent=25"}],"curies":[{"name":"wp","href":"https:\/\/api.w.org\/{rel}","templated":true}]}}