{"id":67,"date":"2023-09-10T14:14:08","date_gmt":"2023-09-10T14:14:08","guid":{"rendered":"https:\/\/thofstad.se\/?page_id=67"},"modified":"2023-09-15T18:54:08","modified_gmt":"2023-09-15T18:54:08","slug":"stadning","status":"publish","type":"page","link":"https:\/\/thofstad.se\/en\/stadning\/","title":{"rendered":"St\u00e4dning"},"content":{"rendered":"<h2><strong>H\u00e4r kan du l\u00e4sa om vad jag har att erbjuda samt fakta om RUT-avdrag<\/strong><\/h2>\n<p><strong>Hemst\u00e4dning &#8211; En g\u00e5ng i veckan\/ varannan vecka.<br \/>\nM\u00e5nadsst\u00e4d<br \/>\nFlyttst\u00e4d<br \/>\nF\u00f6retagst\u00e4d\u00a0<\/strong><\/p>\n<p>F-skatt \u00e4r n\u00e5got jag innehar.<\/p>\n<p>&nbsp;<\/p>\n<p><strong>Fakta om RUT &#8211; Avdrag<\/strong><\/p>\n<p>Den som \u00e4r minst 18 \u00e5r och \u00e4r bosatt i Sverige eller betalar skatt i Sverige f\u00f6r 90% av sin inkomst kan f\u00e5 en skatterabatt upp till 50 000 kronor. Som privatperson i Sverige f\u00e5r du g\u00f6ra rut avdrag p\u00e5 50% p\u00e5 arbetskostnaden f\u00f6r hush\u00e5llsn\u00e4ra tj\u00e4nster dvs inte p\u00e5 materialkostnaden eller likande utan endast kostnaden f\u00f6r arbetstiden. Rut-avdrag vid flyttst\u00e4dning f\u00e5r g\u00f6ras, oavsett om du bor i hyresr\u00e4tt, bostadsr\u00e4tt eller hus.<\/p>\n<p>&nbsp;<\/p>\n<p><strong>Vem ans\u00f6ker om Rut-avdrag ?<\/strong><\/p>\n<p>Det bolag du anlitar s\u00f6ker om RUT \u00e5t dig s\u00e5 det \u00e4r ingenting du beh\u00f6ver t\u00e4nka p\u00e5. Du kommer att f\u00e5 en bekr\u00e4ftelse fr\u00e5n skatteverket antingen elektroniskt (om du \u00e4r ansluten till en digital brevl\u00e5da som exempelvis Kivra) eller hemskickad efter att vi ans\u00f6kt om Rut -avdraget.<\/p>\n<p>&nbsp;<\/p>\n<p><strong>Skatteverket har lite krav f\u00f6r att du ska f\u00e5 nyttja rut-avdraget f\u00f6r hush\u00e5llsn\u00e4ra tj\u00e4nster. H\u00e4r \u00e4r en lista p\u00e5 kraven.<\/strong><\/p>\n<p>*Du m\u00e5ste vara \u00f6ver 18 \u00e5r<\/p>\n<p>*Du ska ha betalat inkomstskatt i Sverige f\u00f6r minst 90% av din totala inkomst<\/p>\n<p>*Du m\u00e5ste helt eller delvis bo i bostaden d\u00e4r tj\u00e4nsten utf\u00f6rs<\/p>\n<p>*D\u00f6dsbon kan f\u00e5 rutavdrag, men enbart om arbetet utf\u00f6rs f\u00f6re d\u00f6dsfallet<\/p>\n<p>*Du m\u00e5ste betala tillr\u00e4ckligt med skatt f\u00f6r att kunna dra av f\u00f6r rutarbete .<\/p>\n<p>*Du som barn kan ta Rut-avdrag \u00e5t dina f\u00f6r\u00e4ldrar, medan f\u00f6r\u00e4ldrar inte f\u00e5r ta rut-avdrag \u00e5t sina barn.<\/p>\n<p>&nbsp;<\/p>\n<p>L\u00e4s mer om detta p\u00e5 skatteverkets sida om Rut och Rot avdrag.<\/p>\n<p><a href=\"https:\/\/emea01.safelinks.protection.outlook.com\/?url=http%3A%2F%2Fwww.skatteverket.se%2F&amp;data=05%7C01%7C%7C4d667773eeef452889ad08dbb125473f%7C84df9e7fe9f640afb435aaaaaaaaaaaa%7C1%7C0%7C638298545893982470%7CUnknown%7CTWFpbGZsb3d8eyJWIjoiMC4wLjAwMDAiLCJQIjoiV2luMzIiLCJBTiI6Ik1haWwiLCJXVCI6Mn0%3D%7C3000%7C%7C%7C&amp;sdata=slFuZ3lonhL%2BUJeS51GGf7H3knsdC%2FBQNTvLkOVJXqA%3D&amp;reserved=0\">www.skatteverket.se<\/a><\/p>","protected":false},"excerpt":{"rendered":"<p>H\u00e4r kan du l\u00e4sa om vad jag har att erbjuda samt fakta om RUT-avdrag Hemst\u00e4dning &#8211; En g\u00e5ng i veckan\/ varannan vecka. M\u00e5nadsst\u00e4d Flyttst\u00e4d F\u00f6retagst\u00e4d\u00a0 F-skatt \u00e4r n\u00e5got jag innehar. &nbsp; Fakta om RUT &#8211; Avdrag Den som \u00e4r minst 18 \u00e5r och \u00e4r bosatt i Sverige eller betalar skatt i Sverige f\u00f6r 90% av [&hellip;]<\/p>\n","protected":false},"author":1,"featured_media":0,"parent":0,"menu_order":0,"comment_status":"closed","ping_status":"closed","template":"template-full-width.php","meta":{"footnotes":""},"jetpack_sharing_enabled":true,"_links":{"self":[{"href":"https:\/\/thofstad.se\/en\/wp-json\/wp\/v2\/pages\/67"}],"collection":[{"href":"https:\/\/thofstad.se\/en\/wp-json\/wp\/v2\/pages"}],"about":[{"href":"https:\/\/thofstad.se\/en\/wp-json\/wp\/v2\/types\/page"}],"author":[{"embeddable":true,"href":"https:\/\/thofstad.se\/en\/wp-json\/wp\/v2\/users\/1"}],"replies":[{"embeddable":true,"href":"https:\/\/thofstad.se\/en\/wp-json\/wp\/v2\/comments?post=67"}],"version-history":[{"count":9,"href":"https:\/\/thofstad.se\/en\/wp-json\/wp\/v2\/pages\/67\/revisions"}],"predecessor-version":[{"id":202,"href":"https:\/\/thofstad.se\/en\/wp-json\/wp\/v2\/pages\/67\/revisions\/202"}],"wp:attachment":[{"href":"https:\/\/thofstad.se\/en\/wp-json\/wp\/v2\/media?parent=67"}],"curies":[{"name":"wp","href":"https:\/\/api.w.org\/{rel}","templated":true}]}}