{"id":71,"date":"2023-09-10T14:36:20","date_gmt":"2023-09-10T14:36:20","guid":{"rendered":"https:\/\/thofstad.se\/?page_id=71"},"modified":"2023-09-16T11:01:11","modified_gmt":"2023-09-16T11:01:11","slug":"info-om-hemsidan","status":"publish","type":"page","link":"https:\/\/thofstad.se\/en\/info-om-hemsidan\/","title":{"rendered":"Info om hemsidan"},"content":{"rendered":"<p>P\u00e5 denna sidan kan du l\u00e4sa om bland annat hemsidans uppbyggnad, copyrights och liknande.<\/p>\n<p>Textinneh\u00e5llet p\u00e5 hemsidan st\u00e5r <strong>Tarja Str\u00f6mberg<\/strong> f\u00f6r. Har du fr\u00e5gor eller funderingar g\u00e4llande priser och tj\u00e4nster kontakta Tarja.<\/p>\n<p>Hemsidan \u00e4r uppbyggd och redigerad av <strong>Linn\u00e9a Ahlqvist<\/strong> som \u00e4ven har skapat hemsidans alla bilder, s\u00e5som f\u00f6retagsloggan, header och mer.<\/p>\n<p>Vill du best\u00e4lla en logga, f\u00e5 din hemsida gjord eller n\u00e5got annat s\u00e5 kan du bes\u00f6ka denna hemsida f\u00f6r mer info <a href=\"http:\/\/www.artbyqueenl.weebly.com\">http:\/\/www.artbyqueenl.weebly.com<\/a><\/p>\n<p>&nbsp;<\/p>\n<p>&nbsp;<\/p>","protected":false},"excerpt":{"rendered":"<p>P\u00e5 denna sidan kan du l\u00e4sa om bland annat hemsidans uppbyggnad, copyrights och liknande. Textinneh\u00e5llet p\u00e5 hemsidan st\u00e5r Tarja Str\u00f6mberg f\u00f6r. Har du fr\u00e5gor eller funderingar g\u00e4llande priser och tj\u00e4nster kontakta Tarja. Hemsidan \u00e4r uppbyggd och redigerad av Linn\u00e9a Ahlqvist som \u00e4ven har skapat hemsidans alla bilder, s\u00e5som f\u00f6retagsloggan, header och mer. Vill du best\u00e4lla [&hellip;]<\/p>\n","protected":false},"author":1,"featured_media":0,"parent":0,"menu_order":0,"comment_status":"closed","ping_status":"closed","template":"template-full-width.php","meta":{"footnotes":""},"jetpack_sharing_enabled":true,"_links":{"self":[{"href":"https:\/\/thofstad.se\/en\/wp-json\/wp\/v2\/pages\/71"}],"collection":[{"href":"https:\/\/thofstad.se\/en\/wp-json\/wp\/v2\/pages"}],"about":[{"href":"https:\/\/thofstad.se\/en\/wp-json\/wp\/v2\/types\/page"}],"author":[{"embeddable":true,"href":"https:\/\/thofstad.se\/en\/wp-json\/wp\/v2\/users\/1"}],"replies":[{"embeddable":true,"href":"https:\/\/thofstad.se\/en\/wp-json\/wp\/v2\/comments?post=71"}],"version-history":[{"count":6,"href":"https:\/\/thofstad.se\/en\/wp-json\/wp\/v2\/pages\/71\/revisions"}],"predecessor-version":[{"id":205,"href":"https:\/\/thofstad.se\/en\/wp-json\/wp\/v2\/pages\/71\/revisions\/205"}],"wp:attachment":[{"href":"https:\/\/thofstad.se\/en\/wp-json\/wp\/v2\/media?parent=71"}],"curies":[{"name":"wp","href":"https:\/\/api.w.org\/{rel}","templated":true}]}}