{"id":72,"date":"2023-09-10T14:36:20","date_gmt":"2023-09-10T14:36:20","guid":{"rendered":"https:\/\/thofstad.se\/?page_id=72"},"modified":"2023-09-14T09:52:59","modified_gmt":"2023-09-14T09:52:59","slug":"kontakt","status":"publish","type":"page","link":"https:\/\/thofstad.se\/en\/kontakt\/","title":{"rendered":"Kontakt"},"content":{"rendered":"<p>\u00c4r du intresserad av mina st\u00e4dtj\u00e4nster eller har du n\u00e5gon fr\u00e5ga eller fundering som inte st\u00e5r med h\u00e4r p\u00e5 hemsidan s\u00e5 f\u00e5r du mer \u00e4n g\u00e4rna kontakta mig!<\/p>\n<p><strong>Har du missat mail ikonen i v\u00e4nster h\u00f6rn och telefonen i h\u00f6ger h\u00f6rn p\u00e5 hemsidan? Ingen fara h\u00e4r har du f\u00f6retagets kontaktuppgifter!<\/strong><\/p>\n<p><span style=\"color: #ff379d;\"><strong><a href=\"mailto:info@thofstad.se\">info@thofstad.se<\/a>\u00a0<\/strong>\u00a0 \u00a0 \u00a0 \u00a0 \u00a0 \u00a0 \u00a0 \u00a0 \u00a0 \u00a0 \u00a0 \u00a0 \u00a0 \u00a0 \u00a0 \u00a0 \u00a0 \u00a0 \u00a0 \u00a0 \u00a0 \u00a0 \u00a0 \u00a0 \u00a0 \u00a0 \u00a0 \u00a0 \u00a0 \u00a0 \u00a0 \u00a0 \u00a0 \u00a0 \u00a0 \u00a0 \u00a0 \u00a0 \u00a0 \u00a0<strong><a href=\"tel:0722219146\">072-2219146<\/a><\/strong><\/span><\/p>","protected":false},"excerpt":{"rendered":"<p>\u00c4r du intresserad av mina st\u00e4dtj\u00e4nster eller har du n\u00e5gon fr\u00e5ga eller fundering som inte st\u00e5r med h\u00e4r p\u00e5 hemsidan s\u00e5 f\u00e5r du mer \u00e4n g\u00e4rna kontakta mig! Har du missat mail ikonen i v\u00e4nster h\u00f6rn och telefonen i h\u00f6ger h\u00f6rn p\u00e5 hemsidan? Ingen fara h\u00e4r har du f\u00f6retagets kontaktuppgifter! info@thofstad.se\u00a0\u00a0 \u00a0 \u00a0 \u00a0 \u00a0 [&hellip;]<\/p>\n","protected":false},"author":1,"featured_media":0,"parent":0,"menu_order":0,"comment_status":"closed","ping_status":"closed","template":"template-full-width.php","meta":{"footnotes":""},"jetpack_sharing_enabled":true,"_links":{"self":[{"href":"https:\/\/thofstad.se\/en\/wp-json\/wp\/v2\/pages\/72"}],"collection":[{"href":"https:\/\/thofstad.se\/en\/wp-json\/wp\/v2\/pages"}],"about":[{"href":"https:\/\/thofstad.se\/en\/wp-json\/wp\/v2\/types\/page"}],"author":[{"embeddable":true,"href":"https:\/\/thofstad.se\/en\/wp-json\/wp\/v2\/users\/1"}],"replies":[{"embeddable":true,"href":"https:\/\/thofstad.se\/en\/wp-json\/wp\/v2\/comments?post=72"}],"version-history":[{"count":20,"href":"https:\/\/thofstad.se\/en\/wp-json\/wp\/v2\/pages\/72\/revisions"}],"predecessor-version":[{"id":163,"href":"https:\/\/thofstad.se\/en\/wp-json\/wp\/v2\/pages\/72\/revisions\/163"}],"wp:attachment":[{"href":"https:\/\/thofstad.se\/en\/wp-json\/wp\/v2\/media?parent=72"}],"curies":[{"name":"wp","href":"https:\/\/api.w.org\/{rel}","templated":true}]}}